{"id":2769,"date":"2026-03-30T13:52:35","date_gmt":"2026-03-30T13:52:35","guid":{"rendered":"https:\/\/tryggprosjekt.no\/?page_id=2769"},"modified":"2026-03-31T13:41:54","modified_gmt":"2026-03-31T13:41:54","slug":"ledigestillinger","status":"publish","type":"page","link":"https:\/\/tryggprosjekt.no\/en\/ledigestillinger\/","title":{"rendered":"Vacant positions"},"content":{"rendered":"<div class=\"wpb-content-wrapper\"><div data-parent=\"true\" class=\"vc_row has-bg need-focus style-color-wayh-bg row-container\" id=\"row-unique-0\"><div class=\"row no-top-padding single-bottom-padding single-h-padding limit-width row-parent\"><div class=\"wpb_row row-inner\"><div class=\"wpb_column pos-top pos-center align_left column_parent col-lg-12 one-internal-gutter\"><div class=\"uncol style-light\"  ><div class=\"uncoltable\"><div class=\"uncell no-block-padding\" ><div class=\"uncont\" ><div class=\"divider-wrapper  slight-anim animate_when_almost_visible\" data-delay=\"100\" data-speed=\"1000\" >\n    <hr class=\"unseparator full-width-separator border-color-482271-color separator-no-padding\"  style=\"border-top-width: 20px;\" \/>\n<\/div>\n<\/div><\/div><\/div><\/div><\/div><script id=\"script-row-unique-0\" data-row=\"script-row-unique-0\" type=\"text\/javascript\" class=\"vc_controls\">UNCODE.initRow(document.getElementById(\"row-unique-0\"));<\/script><\/div><\/div><\/div><div data-parent=\"true\" class=\"vc_row has-bg need-focus style-color-wayh-bg row-container with-parallax has-dividers\" style=\"z-index: 1;\" id=\"row-unique-1\"><div class=\"row-background background-element\">\n\t\t\t\t\t\t\t\t\t\t\t<div class=\"background-wrapper\">\n\t\t\t\t\t\t\t\t\t\t\t\t<div class=\"background-inner\" style=\"background-image: url(https:\/\/tryggprosjekt.no\/wp-content\/uploads\/2026\/03\/tryggprosjekt_banner.png);background-repeat: no-repeat;background-position: center center;background-size: cover;\"><\/div>\n\t\t\t\t\t\t\t\t\t\t\t\t\n\t\t\t\t\t\t\t\t\t\t\t<\/div>\n\t\t\t\t\t\t\t\t\t\t<\/div><div class=\"uncode-divider-wrap uncode-divider-wrap-bottom z_index_0\" style=\"height: 150px;\" data-height=\"150\" data-unit=\"px\"><img decoding=\"async\" src=\"https:\/\/tryggprosjekt.no\/wp-content\/uploads\/2026\/03\/fade_6.png\" \/><\/div><div class=\"row exa-top-padding no-bottom-padding single-h-padding limit-width row-parent\"><div class=\"wpb_row row-inner\"><div class=\"wpb_column pos-top pos-center align_left column_parent col-lg-12 double-internal-gutter\"><div class=\"uncol style-spec style-dark\"  ><div class=\"uncoltable\"><div class=\"uncell triple-block-padding\" ><div class=\"uncont\" ><div class=\"empty-space empty-quad\" ><span class=\"empty-space-inner\"><\/span><\/div>\n<\/div><\/div><\/div><\/div><\/div><script id=\"script-row-unique-1\" data-row=\"script-row-unique-1\" type=\"text\/javascript\" class=\"vc_controls\">UNCODE.initRow(document.getElementById(\"row-unique-1\"));<\/script><\/div><\/div><\/div><div data-parent=\"true\" class=\"vc_row test-three has-bg need-focus style-color-wayh-bg vc_custom_1774878892105 row-container\" style=\"margin-top: -70px ;\" id=\"row-unique-2\"><div class=\"row triple-top-padding quad-bottom-padding single-h-padding limit-width row-parent\"><div class=\"wpb_row row-inner\"><div class=\"wpb_column pos-top pos-center align_left column_parent col-lg-12 no-internal-gutter\"><div class=\"uncol style-spec style-dark\"  ><div class=\"uncoltable\"><div class=\"uncell\" ><div class=\"uncont no-block-padding col-custom-width style-color-wayh-bg has-bg unshadow-std unradius-std\" style=\" max-width:900px;\" ><div class=\"empty-space empty-single\" ><span class=\"empty-space-inner\"><\/span><\/div>\n<div class=\"vc_custom_heading_wrap\"><div class=\"heading-text el-text\" ><h2 class=\"font-194343 h1 font-weight-400\" ><span>Become part of the Trygg Prosjekt team<\/span><\/h2><\/div><div class=\"clear\"><\/div><\/div><div class=\"empty-space empty-single\" ><span class=\"empty-space-inner\"><\/span><\/div>\n<div class=\"vc_custom_heading_wrap\"><div class=\"heading-text el-text\" ><h2 class=\"font-194343 h4 font-weight-300\" ><span>Trygg Prosjekt is growing, and we are looking for more skilled colleagues who want to develop within a company with a high level of expertise, strong values, and exciting construction projects. We are looking for both recent graduates and experienced professionals who want to help create safe, efficient, and future-oriented building solutions for our clients.<\/p><\/span><span><p>&nbsp;<\/p><\/span><span><p>With us, you will have the opportunity to influence, take responsibility, and work in an inclusive environment where competence, collaboration, and quality are at the center.<\/p><\/span><span><p>&nbsp;<\/p><\/span><span><p>At present, we are especially seeking:<\/p><\/span><span><p>\u2022 Project Manager - Construction<br \/><\/span><span>\u2022 Construction Site Manager<br \/><\/span><span>\u2022 Project Design Manager<br \/><\/span><span>\u2022 Cost Estimator \/ Bid Manager<br \/><\/span><span>\u2022 Health and Safety Advisor<br \/><\/span><span>\u2022 Quality Assurance Manager<\/p><\/span><span><p>&nbsp;<\/p><\/span><span><p>Curious if Trygg Prosjekt is the right place for you? We\u2019d love to hear from you, get in touch for a chat.<\/span><\/h2><\/div><div class=\"clear\"><\/div><\/div><div class=\"empty-space empty-single\" ><span class=\"empty-space-inner\"><\/span><\/div>\n<div class=\"empty-space empty-single\" ><span class=\"empty-space-inner\"><\/span><\/div>\n<div class=\"vc_row row-internal row-container\"><div class=\"row row-child\"><div class=\"wpb_row row-inner\"><div class=\"wpb_column pos-top pos-center align_left column_child col-lg-12 single-internal-gutter\"><div class=\"uncol style-spec style-dark\" ><div class=\"uncoltable\"><div class=\"uncell no-block-padding\" ><div class=\"uncont\" ><div class=\"uncode-single-media mobile-hidden text-left\"><div class=\"single-wrapper\" style=\"max-width: 15%;\"><div class=\"tmb tmb-light  tmb-img-ratio tmb-media-first tmb-media-last tmb-content-overlay tmb-no-bg\"><div class=\"t-inside\"><div class=\"t-entry-visual\"><div class=\"t-entry-visual-tc\"><div class=\"uncode-single-media-wrapper\"><div class=\"dummy\" style=\"padding-top: 125.2%;\"><\/div><img decoding=\"async\" class=\"wp-image-2572\" src=\"https:\/\/tryggprosjekt.no\/wp-content\/uploads\/2026\/03\/Skjermbilde-2026-03-11-kl.-13.55.35-uai-433x542.png\" width=\"433\" height=\"542\" alt=\"\"><\/div>\n\t\t\t\t\t<\/div>\n\t\t\t\t<\/div><\/div><\/div><\/div><\/div><div class=\"uncode-single-media desktop-hidden tablet-hidden text-left\"><div class=\"single-wrapper\" style=\"max-width: 50%;\"><div class=\"tmb tmb-light  tmb-img-ratio tmb-media-first tmb-media-last tmb-content-overlay tmb-no-bg\"><div class=\"t-inside\"><div class=\"t-entry-visual\"><div class=\"t-entry-visual-tc\"><div class=\"uncode-single-media-wrapper\"><div class=\"dummy\" style=\"padding-top: 125.2%;\"><\/div><img decoding=\"async\" class=\"wp-image-2572\" src=\"https:\/\/tryggprosjekt.no\/wp-content\/uploads\/2026\/03\/Skjermbilde-2026-03-11-kl.-13.55.35-uai-433x542.png\" width=\"433\" height=\"542\" alt=\"\"><\/div>\n\t\t\t\t\t<\/div>\n\t\t\t\t<\/div><\/div><\/div><\/div><\/div><div class=\"vc_custom_heading_wrap\"><div class=\"heading-text el-text\" ><h2 class=\"h4 font-weight-400\" ><span>Roy Ove Svarstad<br \/><\/span><span>Founder and Senior Advisor<\/span><\/h2><div class=\"text-lead text-top-reduced\"><p>Mob: +47 982 41 840<br \/>\nroy@tryggprosjekt.no<\/p>\n<\/div><\/div><div class=\"clear\"><\/div><\/div><\/div><\/div><\/div><\/div><\/div><\/div><\/div><\/div><\/div><\/div><\/div><\/div><\/div><script id=\"script-row-unique-2\" data-row=\"script-row-unique-2\" type=\"text\/javascript\" class=\"vc_controls\">UNCODE.initRow(document.getElementById(\"row-unique-2\"));<\/script><\/div><\/div><\/div>\n<\/div>","protected":false},"excerpt":{"rendered":"Bli med p\u00e5 laget i Trygg Prosjekt Trygg Prosjekt er i vekst, og vi s\u00f8ker flere dyktige kolleger som \u00f8nsker [...]","protected":false},"author":1,"featured_media":0,"parent":0,"menu_order":0,"comment_status":"closed","ping_status":"closed","template":"","meta":{"_uag_custom_page_level_css":"","footnotes":""},"class_list":["post-2769","page","type-page","status-publish","hentry"],"aioseo_notices":[],"_hostinger_reach_plugin_has_subscription_block":false,"_hostinger_reach_plugin_is_elementor":false,"uagb_featured_image_src":{"full":false,"thumbnail":false,"medium":false,"medium_large":false,"large":false,"1536x1536":false,"2048x2048":false,"trp-custom-language-flag":false,"uncode_woocommerce_nav_thumbnail_regular":false,"uncode_woocommerce_nav_thumbnail_crop":false},"uagb_author_info":{"display_name":"sf@paxondigital.no","author_link":"https:\/\/tryggprosjekt.no\/en\/author\/sfpaxondigital-no\/"},"uagb_comment_info":0,"uagb_excerpt":null,"_links":{"self":[{"href":"https:\/\/tryggprosjekt.no\/en\/wp-json\/wp\/v2\/pages\/2769","targetHints":{"allow":["GET"]}}],"collection":[{"href":"https:\/\/tryggprosjekt.no\/en\/wp-json\/wp\/v2\/pages"}],"about":[{"href":"https:\/\/tryggprosjekt.no\/en\/wp-json\/wp\/v2\/types\/page"}],"author":[{"embeddable":true,"href":"https:\/\/tryggprosjekt.no\/en\/wp-json\/wp\/v2\/users\/1"}],"replies":[{"embeddable":true,"href":"https:\/\/tryggprosjekt.no\/en\/wp-json\/wp\/v2\/comments?post=2769"}],"version-history":[{"count":11,"href":"https:\/\/tryggprosjekt.no\/en\/wp-json\/wp\/v2\/pages\/2769\/revisions"}],"predecessor-version":[{"id":2780,"href":"https:\/\/tryggprosjekt.no\/en\/wp-json\/wp\/v2\/pages\/2769\/revisions\/2780"}],"wp:attachment":[{"href":"https:\/\/tryggprosjekt.no\/en\/wp-json\/wp\/v2\/media?parent=2769"}],"curies":[{"name":"wp","href":"https:\/\/api.w.org\/{rel}","templated":true}]}}