{"id":2574,"date":"2026-03-11T13:52:43","date_gmt":"2026-03-11T13:52:43","guid":{"rendered":"https:\/\/tryggprosjekt.no\/?page_id=2574"},"modified":"2026-03-31T07:30:43","modified_gmt":"2026-03-31T07:30:43","slug":"services","status":"publish","type":"page","link":"https:\/\/tryggprosjekt.no\/en\/services\/","title":{"rendered":"Services"},"content":{"rendered":"<div class=\"wpb-content-wrapper\"><div data-parent=\"true\" class=\"vc_row has-bg need-focus style-color-wayh-bg row-container\" id=\"row-unique-0\"><div class=\"row no-top-padding single-bottom-padding single-h-padding limit-width row-parent\"><div class=\"wpb_row row-inner\"><div class=\"wpb_column pos-top pos-center align_left column_parent col-lg-12 single-internal-gutter\"><div class=\"uncol style-light\"  ><div class=\"uncoltable\"><div class=\"uncell no-block-padding\" ><div class=\"uncont\" ><div class=\"divider-wrapper  slight-anim animate_when_almost_visible\" data-delay=\"100\" data-speed=\"1000\" >\n    <hr class=\"unseparator full-width-separator border-color-482271-color separator-no-padding\"  style=\"border-top-width: 20px;\" \/>\n<\/div>\n<\/div><\/div><\/div><\/div><\/div><script id=\"script-row-unique-0\" data-row=\"script-row-unique-0\" type=\"text\/javascript\" class=\"vc_controls\">UNCODE.initRow(document.getElementById(\"row-unique-0\"));<\/script><\/div><\/div><\/div><div data-parent=\"true\" class=\"vc_row has-bg need-focus style-color-wayh-bg row-container with-parallax has-dividers\" style=\"z-index: 1;\" id=\"row-unique-1\"><div class=\"row-background background-element\">\n\t\t\t\t\t\t\t\t\t\t\t<div class=\"background-wrapper\">\n\t\t\t\t\t\t\t\t\t\t\t\t<div class=\"background-inner\" style=\"background-image: url(https:\/\/tryggprosjekt.no\/wp-content\/uploads\/2026\/03\/baathavn2.png);background-repeat: no-repeat;background-position: center top;background-size: cover;\"><\/div>\n\t\t\t\t\t\t\t\t\t\t\t\t\n\t\t\t\t\t\t\t\t\t\t\t<\/div>\n\t\t\t\t\t\t\t\t\t\t<\/div><div class=\"uncode-divider-wrap uncode-divider-wrap-bottom z_index_0\" style=\"height: 150px;\" data-height=\"150\" data-unit=\"px\"><img decoding=\"async\" src=\"https:\/\/tryggprosjekt.no\/wp-content\/uploads\/2026\/03\/fade_6.png\" \/><\/div><div class=\"row exa-top-padding no-bottom-padding single-h-padding limit-width row-parent\"><div class=\"wpb_row row-inner\"><div class=\"wpb_column pos-top pos-center align_left column_parent col-lg-12 double-internal-gutter\"><div class=\"uncol style-spec style-dark\"  ><div class=\"uncoltable\"><div class=\"uncell triple-block-padding\" ><div class=\"uncont\" ><div class=\"empty-space empty-quad\" ><span class=\"empty-space-inner\"><\/span><\/div>\n<\/div><\/div><\/div><\/div><\/div><script id=\"script-row-unique-1\" data-row=\"script-row-unique-1\" type=\"text\/javascript\" class=\"vc_controls\">UNCODE.initRow(document.getElementById(\"row-unique-1\"));<\/script><\/div><\/div><\/div><div data-parent=\"true\" class=\"vc_row has-bg need-focus style-color-wayh-bg row-container\" id=\"row-unique-2\"><div class=\"row col-double-gutter no-top-padding quad-bottom-padding penta-h-padding limit-width row-parent\"><div class=\"wpb_row row-inner\"><div class=\"wpb_column pos-top pos-center align_left column_parent col-lg-12 col-md-33 single-internal-gutter\"><div class=\"uncol style-spec style-dark\"  ><div class=\"uncoltable\"><div class=\"uncell no-block-padding\" ><div class=\"uncont\" ><div class=\"empty-space empty-single mobile-hidden\" ><span class=\"empty-space-inner\"><\/span><\/div>\n<div class=\"vc_custom_heading_wrap\"><div class=\"heading-text el-text\" ><h1 class=\"custom font-weight-400 fontsize-105158-custom font-size-custom\" ><span><\/p><\/span><span><h1 style=\"font-size: clamp(20px, 10vw, 60px); line-height: 1.1; font-weight: 600;\">Project advisory and management from concept through to completion.<\/h1><\/span><span><p><\/span><\/h1><\/div><div class=\"clear\"><\/div><\/div><div class=\"vc_custom_heading_wrap\"><div class=\"heading-text el-text\" ><h2 class=\"font-194343 h4 font-weight-300\" ><span>We provide consulting and project management tailored to your project. With a focus on structure, progress, and quality, we ensure a safe and efficient execution.<\/span><\/h2><\/div><div class=\"clear\"><\/div><\/div><\/div><\/div><\/div><\/div><\/div><script id=\"script-row-unique-2\" data-row=\"script-row-unique-2\" type=\"text\/javascript\" class=\"vc_controls\">UNCODE.initRow(document.getElementById(\"row-unique-2\"));<\/script><\/div><\/div><\/div><div data-parent=\"true\" class=\"vc_row has-bg need-focus style-color-wayh-bg row-container\" style=\"z-index: 1;\" id=\"row-unique-3\"><div class=\"row one-top-padding quad-bottom-padding penta-h-padding limit-width row-parent\"><div class=\"wpb_row row-inner\"><div class=\"wpb_column pos-top pos-center align_left column_parent col-lg-12 double-internal-gutter\"><div class=\"uncol style-light\"  ><div class=\"uncoltable\"><div class=\"uncell no-block-padding\" ><div class=\"uncont\" ><div class=\"vc_row row-internal row-container\"><div class=\"row unequal col-double-gutter row-child\"><div class=\"wpb_row row-inner\"><div class=\"wpb_column pos-top pos-center align_left column_child col-lg-4 col-md-33 single-internal-gutter\"><div class=\"uncol style-spec style-dark\" ><div class=\"uncoltable\"><div class=\"uncell no-block-padding  unradius-sm\" ><div class=\"uncont\" ><div class=\"icon-box icon-box-left\" ><div class=\"icon-box-icon fa-container\" ><span class=\"text-accent-color btn-disable-hover\"><i class=\"fa fa-wpforms fa-4x fa-fw\"><\/i><\/span><\/div><div class=\"icon-box-content add-margin\"><div class=\"icon-box-heading\"><h3 class=\"h4\">Project management<\/h3><\/div>\n<p class=\"p1\">Management and follow-up of construction and energy projects from early-stage to completion. Focus on progress, quality, cost, and risk management.<br \/><\/p>\n<\/div><\/div><\/div><\/div><\/div><\/div><\/div><div class=\"wpb_column pos-top pos-center align_left column_child col-lg-4 col-md-33 single-internal-gutter\"><div class=\"uncol style-spec style-dark\" ><div class=\"uncoltable\"><div class=\"uncell no-block-padding  unradius-sm\" ><div class=\"uncont\" ><div class=\"icon-box icon-box-left\" ><div class=\"icon-box-icon fa-container\" ><span class=\"text-accent-color btn-disable-hover\"><i class=\"fa fa-head fa-4x fa-fw\"><\/i><\/span><\/div><div class=\"icon-box-content add-margin\"><div class=\"icon-box-heading\"><h3 class=\"h4\">Client advisory and project consulting<\/h3><\/div>\n<p class=\"p1\">Strategic advisory for owners, developers, and contractors in the planning and execution of projects.<br \/><\/p>\n<\/div><\/div><\/div><\/div><\/div><\/div><\/div><div class=\"wpb_column pos-top pos-center align_left column_child col-lg-4 col-md-33 single-internal-gutter\"><div class=\"uncol style-spec style-dark\" ><div class=\"uncoltable\"><div class=\"uncell no-block-padding  unradius-sm\" ><div class=\"uncont\" ><div class=\"icon-box icon-box-left\" ><div class=\"icon-box-icon fa-container\" ><span class=\"text-accent-color btn-disable-hover\"><i class=\"fa fa-bar-graph fa-4x fa-fw\"><\/i><\/span><\/div><div class=\"icon-box-content add-margin\"><div class=\"icon-box-heading\"><h3 class=\"h4\">Project development<\/h3><\/div>\n<p class=\"p1\">Development of construction and energy projects from concept to realization, including assessments of cost, risk, and feasibility.<br \/><\/p>\n<\/div><\/div><\/div><\/div><\/div><\/div><\/div><\/div><\/div><\/div><div class=\"vc_row row-internal row-container\"><div class=\"row unequal col-double-gutter row-child\"><div class=\"wpb_row row-inner\"><div class=\"wpb_column pos-top pos-center align_left column_child col-lg-4 col-md-33 single-internal-gutter\"><div class=\"uncol style-spec style-dark\" ><div class=\"uncoltable\"><div class=\"uncell no-block-padding  unradius-sm\" ><div class=\"uncont\" ><div class=\"icon-box icon-box-left\" ><div class=\"icon-box-icon fa-container\" ><span class=\"text-accent-color btn-disable-hover\"><i class=\"fa fa-copy fa-4x fa-fw\"><\/i><\/span><\/div><div class=\"icon-box-content add-margin\"><div class=\"icon-box-heading\"><h3 class=\"h4\">Contract and tendering services<\/h3><\/div>\n<p class=\"p1\">Assistance in tender processes, contract strategy, negotiations, and follow-up of construction contracts.<br \/><\/p>\n<\/div><\/div><\/div><\/div><\/div><\/div><\/div><div class=\"wpb_column pos-top pos-center align_left column_child col-lg-4 col-md-33 single-internal-gutter\"><div class=\"uncol style-spec style-dark\" ><div class=\"uncoltable\"><div class=\"uncell no-block-padding  unradius-sm\" ><div class=\"uncont\" ><div class=\"icon-box icon-box-left\" ><div class=\"icon-box-icon fa-container\" ><span class=\"text-accent-color btn-disable-hover\"><i class=\"fa fa-codepen fa-4x fa-fw\"><\/i><\/span><\/div><div class=\"icon-box-content add-margin\"><div class=\"icon-box-heading\"><h3 class=\"h4\">Construction management<\/h3><\/div>\n<p class=\"p1\">Follow-up of contractors and deliveries during the construction phase to ensure quality, progress, and cost control.<br \/><\/p>\n<\/div><\/div><\/div><\/div><\/div><\/div><\/div><div class=\"wpb_column pos-top pos-center align_left column_child col-lg-4 col-md-33 single-internal-gutter\"><div class=\"uncol style-spec style-dark\" ><div class=\"uncoltable\"><div class=\"uncell no-block-padding  unradius-sm\" ><div class=\"uncont\" ><div class=\"icon-box icon-box-left\" ><div class=\"icon-box-icon fa-container\" ><span class=\"text-accent-color btn-disable-hover\"><i class=\"fa fa-warning3 fa-4x fa-fw\"><\/i><\/span><\/div><div class=\"icon-box-content add-margin\"><div class=\"icon-box-heading\"><h3 class=\"h4\">Risk and schedule management<\/h3><\/div>\n<p class=\"p1\">Analysis and follow-up of project risk, cost, and progress to ensure safe execution.<br \/><\/p>\n<\/div><\/div><\/div><\/div><\/div><\/div><\/div><\/div><\/div><\/div><\/div><\/div><\/div><\/div><\/div><script id=\"script-row-unique-3\" data-row=\"script-row-unique-3\" type=\"text\/javascript\" class=\"vc_controls\">UNCODE.initRow(document.getElementById(\"row-unique-3\"));<\/script><\/div><\/div><\/div>\n<\/div>","protected":false},"excerpt":{"rendered":"R\u00e5dgivning og prosjektledelse fra id\u00e9 til ferdigstillelseVi tilbyr r\u00e5dgivning og prosjektledelse tilpasset ditt prosjekt. Med fokus p\u00e5 struktur, fremdrift og [...]","protected":false},"author":1,"featured_media":0,"parent":0,"menu_order":0,"comment_status":"closed","ping_status":"closed","template":"","meta":{"_uag_custom_page_level_css":"","footnotes":""},"class_list":["post-2574","page","type-page","status-publish","hentry"],"aioseo_notices":[],"_hostinger_reach_plugin_has_subscription_block":false,"_hostinger_reach_plugin_is_elementor":false,"uagb_featured_image_src":{"full":false,"thumbnail":false,"medium":false,"medium_large":false,"large":false,"1536x1536":false,"2048x2048":false,"trp-custom-language-flag":false,"uncode_woocommerce_nav_thumbnail_regular":false,"uncode_woocommerce_nav_thumbnail_crop":false},"uagb_author_info":{"display_name":"sf@paxondigital.no","author_link":"https:\/\/tryggprosjekt.no\/en\/author\/sfpaxondigital-no\/"},"uagb_comment_info":0,"uagb_excerpt":null,"_links":{"self":[{"href":"https:\/\/tryggprosjekt.no\/en\/wp-json\/wp\/v2\/pages\/2574","targetHints":{"allow":["GET"]}}],"collection":[{"href":"https:\/\/tryggprosjekt.no\/en\/wp-json\/wp\/v2\/pages"}],"about":[{"href":"https:\/\/tryggprosjekt.no\/en\/wp-json\/wp\/v2\/types\/page"}],"author":[{"embeddable":true,"href":"https:\/\/tryggprosjekt.no\/en\/wp-json\/wp\/v2\/users\/1"}],"replies":[{"embeddable":true,"href":"https:\/\/tryggprosjekt.no\/en\/wp-json\/wp\/v2\/comments?post=2574"}],"version-history":[{"count":24,"href":"https:\/\/tryggprosjekt.no\/en\/wp-json\/wp\/v2\/pages\/2574\/revisions"}],"predecessor-version":[{"id":2815,"href":"https:\/\/tryggprosjekt.no\/en\/wp-json\/wp\/v2\/pages\/2574\/revisions\/2815"}],"wp:attachment":[{"href":"https:\/\/tryggprosjekt.no\/en\/wp-json\/wp\/v2\/media?parent=2574"}],"curies":[{"name":"wp","href":"https:\/\/api.w.org\/{rel}","templated":true}]}}